{"id":457,"date":"2020-11-17T21:30:06","date_gmt":"2020-11-17T21:30:06","guid":{"rendered":"https:\/\/pqglobal.com\/esp\/?page_id=457"},"modified":"2021-01-17T00:54:13","modified_gmt":"2021-01-17T00:54:13","slug":"ka-no-joules","status":"publish","type":"page","link":"https:\/\/pqglobal.com\/esp\/ka-no-joules\/","title":{"rendered":"KA no Joules"},"content":{"rendered":"\t\t<div data-elementor-type=\"wp-page\" data-elementor-id=\"457\" class=\"elementor elementor-457\" data-elementor-settings=\"[]\">\n\t\t\t\t\t\t<div class=\"elementor-inner\">\n\t\t\t\t\t\t\t<div class=\"elementor-section-wrap\">\n\t\t\t\t\t\t\t<section class=\"elementor-section elementor-top-section elementor-element elementor-element-f546d31 elementor-section-boxed elementor-section-height-default elementor-section-height-default\" data-id=\"f546d31\" data-element_type=\"section\">\n\t\t\t\t\t\t<div class=\"elementor-container elementor-column-gap-default\">\n\t\t\t\t\t\t\t<div class=\"elementor-row\">\n\t\t\t\t\t<div class=\"elementor-column elementor-col-100 elementor-top-column elementor-element elementor-element-0783710\" data-id=\"0783710\" data-element_type=\"column\">\n\t\t\t<div class=\"elementor-column-wrap elementor-element-populated\">\n\t\t\t\t\t\t\t<div class=\"elementor-widget-wrap\">\n\t\t\t\t\t\t<div class=\"elementor-element elementor-element-7bfb4dd elementor-widget elementor-widget-heading\" data-id=\"7bfb4dd\" data-element_type=\"widget\" data-widget_type=\"heading.default\">\n\t\t\t\t<div class=\"elementor-widget-container\">\n\t\t\t<h2 class=\"elementor-heading-title elementor-size-default\">KA (kilo-amperes) no en Joules<\/h2>\t\t<\/div>\n\t\t\t\t<\/div>\n\t\t\t\t\t\t<\/div>\n\t\t\t\t\t<\/div>\n\t\t<\/div>\n\t\t\t\t\t\t\t\t<\/div>\n\t\t\t\t\t<\/div>\n\t\t<\/section>\n\t\t\t\t<section class=\"elementor-section elementor-top-section elementor-element elementor-element-e385888 elementor-section-content-middle elementor-section-boxed elementor-section-height-default elementor-section-height-default\" data-id=\"e385888\" data-element_type=\"section\">\n\t\t\t\t\t\t<div class=\"elementor-container elementor-column-gap-default\">\n\t\t\t\t\t\t\t<div class=\"elementor-row\">\n\t\t\t\t\t<div class=\"elementor-column elementor-col-100 elementor-top-column elementor-element elementor-element-6ec3c8f\" data-id=\"6ec3c8f\" data-element_type=\"column\">\n\t\t\t<div class=\"elementor-column-wrap elementor-element-populated\">\n\t\t\t\t\t\t\t<div class=\"elementor-widget-wrap\">\n\t\t\t\t\t\t<div class=\"elementor-element elementor-element-5eda7df elementor-widget elementor-widget-text-editor\" data-id=\"5eda7df\" data-element_type=\"widget\" data-widget_type=\"text-editor.default\">\n\t\t\t\t<div class=\"elementor-widget-container\">\n\t\t\t\t\t<div class=\"elementor-text-editor elementor-clearfix\"><p><strong>Las capacidades de energ\u00eda en Joules no son reconocidas por los est\u00e1ndares de supresores de picos.<\/strong><\/p><p><br \/>Un Joule es la unidad de energ\u00eda definida en Vatios-segundo (<strong>J= W\u2022s J=V\u2022A\u2022s<\/strong>.) Los Joules podr\u00edan ser la unidad de medida ideal para definir la capacidad de los supresores de picos, desafortunadamente hay deficiencias inherentes. Los supresores de pico de uso dom\u00e9stico especificados en Joules con prop\u00f3sitos de mercadotecnia originan una confusi\u00f3n al tratar de comparar los supresores.<\/p><p><br \/>1. Existe una percepci\u00f3n incorrecta de que los picos de mayor amplitud depositan una mayor energ\u00eda en un supresor de transientes. Las investigaciones del IEEE demuestran que esto es incorrecto. La energ\u00eda depositada en los varistores de oxido met\u00e1lico (MOVs) de hecho disminuye una vez que la intensidad del pico alcanza ciertos niveles. Por lo tanto, la clasificaci\u00f3n en Joules lleva a resultados err\u00f3neos. La comunidad t\u00e9cnica de la Industria de los supresores evita usar los Joules en este contexto.<\/p><\/div>\n\t\t\t\t<\/div>\n\t\t\t\t<\/div>\n\t\t\t\t<div class=\"elementor-element elementor-element-b3a6ef2 elementor-widget elementor-widget-image\" data-id=\"b3a6ef2\" data-element_type=\"widget\" data-widget_type=\"image.default\">\n\t\t\t\t<div class=\"elementor-widget-container\">\n\t\t\t\t\t<div class=\"elementor-image\">\n\t\t\t\t\t\t\t\t\t\t<img loading=\"lazy\" decoding=\"async\" width=\"486\" height=\"213\" src=\"https:\/\/pqglobal.com\/esp\/wp-content\/uploads\/2020\/11\/2020-11-17_183154.png\" class=\"attachment-large size-large\" alt=\"\" srcset=\"https:\/\/pqglobal.com\/esp\/wp-content\/uploads\/2020\/11\/2020-11-17_183154.png 486w, https:\/\/pqglobal.com\/esp\/wp-content\/uploads\/2020\/11\/2020-11-17_183154-300x131.png 300w, https:\/\/pqglobal.com\/esp\/wp-content\/uploads\/2020\/11\/2020-11-17_183154-260x114.png 260w, https:\/\/pqglobal.com\/esp\/wp-content\/uploads\/2020\/11\/2020-11-17_183154-50x22.png 50w, https:\/\/pqglobal.com\/esp\/wp-content\/uploads\/2020\/11\/2020-11-17_183154-150x66.png 150w\" sizes=\"auto, (max-width:767px) 480px, 486px\" \/>\t\t\t\t\t\t\t\t\t\t\t<\/div>\n\t\t\t\t<\/div>\n\t\t\t\t<\/div>\n\t\t\t\t\t\t<\/div>\n\t\t\t\t\t<\/div>\n\t\t<\/div>\n\t\t\t\t\t\t\t\t<\/div>\n\t\t\t\t\t<\/div>\n\t\t<\/section>\n\t\t\t\t<section class=\"elementor-section elementor-top-section elementor-element elementor-element-2dbba1d elementor-section-content-middle elementor-section-boxed elementor-section-height-default elementor-section-height-default\" data-id=\"2dbba1d\" data-element_type=\"section\">\n\t\t\t\t\t\t<div class=\"elementor-container elementor-column-gap-default\">\n\t\t\t\t\t\t\t<div class=\"elementor-row\">\n\t\t\t\t\t<div class=\"elementor-column elementor-col-100 elementor-top-column elementor-element elementor-element-ed65bb2\" data-id=\"ed65bb2\" data-element_type=\"column\">\n\t\t\t<div class=\"elementor-column-wrap elementor-element-populated\">\n\t\t\t\t\t\t\t<div class=\"elementor-widget-wrap\">\n\t\t\t\t\t\t<div class=\"elementor-element elementor-element-f938807 elementor-widget elementor-widget-text-editor\" data-id=\"f938807\" data-element_type=\"widget\" data-widget_type=\"text-editor.default\">\n\t\t\t\t<div class=\"elementor-widget-container\">\n\t\t\t\t\t<div class=\"elementor-text-editor elementor-clearfix\"><p>La Tabla A.8 muestra un extracto de la norma IEEE C62.41.1-2002, P\u00e1g. 63, la cual muestra que la energ\u00eda que absorbe el MOV de hecho decrece una vez que se alcanzan ciertos niveles de corriente pico (KA). Esto se debe al arqueo el\u00e9ctrico o \u2018flashover\u2019, una limitante f\u00edsica presente en todos los sistemas de distribuci\u00f3n. Las celdas sombreadas muestran una disminuci\u00f3n en los Joules.<\/p><p>2. Las especificaciones dadas en Joules est\u00e1n propensas a errores de Interpretaci\u00f3n y su uso resulta cuestionable. Por definici\u00f3n, la energ\u00eda se define como la potencia x (multiplicada por) el tiempo. En este contexto, \u00bfC\u00f3mo es definida la potencia y el tiempo?, y \u00bfA d\u00f3nde se dirigen los Watts? M\u00e1s aun, \u00bfSon acaso los Watts la cantidad de potencia a la que el supresor est\u00e1 expuesto (p\/ej. Amplitud del impulso o transiente), la potencia que pasa a trav\u00e9s del supresor, o el calor absorbido dentro del supresor? Cada uno de estos conceptos es substancialmente diferente.<\/p><p>Por ejemplo, el primer c\u00e1lculo que se muestra a continuaci\u00f3n muestra los Joules resultantes cuando el supresor de transientes es expuesto a la prueba m\u00e1s severa de la norma IEEE C62.41. En contraste, el segundo c\u00e1lculo asume una peque\u00f1a fuga de corriente por un periodo de 6 meses. Los resultados en Joules son similares pero el stress al que se expone el supresor en cada caso es totalmente diferente.<\/p><p>\u2022 Asumiendo el peor de transitorio bajo la norma IEEE: C Alto &#8211; 10,000V, 10,000A, 20\u00b5s de duraci\u00f3n: J= W\u2022s = V\u2022A\u2022s = 10,000V x 10,000A x 20\u00b5s = 2,000J<\/p><p>\u2022 Asumiendo 1\u00b5A de corriente de fuga a trav\u00e9s del supresor 120V MOV(s) en un periodo de 193 d\u00edas: J= W\u2022s = V\u2022A\u2022s = 120V x 1\u00b5A x 193 days = 2,001J<\/p><p>Adem\u00e1s, \u00bfpuede un Supresor soportar una energ\u00eda especificada en Joules por muchas veces?, \u00bfO s\u00f3lo una vez? Por ejemplo, si un MOV tiene una especificaci\u00f3n de 1J, pero puede soportar 5,000 eventos transitorios, entonces su capacidad estar\u00eda dada de la siguiente manera: 1J x 5,000 = 5,000 Joules. Lo cual resulta incongruente. En resumen, las capacidades indicadas en Joules no son reconocidas por los est\u00e1ndares de supresores de transientes debido a su ambig\u00fcedad.<\/p><\/div>\n\t\t\t\t<\/div>\n\t\t\t\t<\/div>\n\t\t\t\t\t\t<\/div>\n\t\t\t\t\t<\/div>\n\t\t<\/div>\n\t\t\t\t\t\t\t\t<\/div>\n\t\t\t\t\t<\/div>\n\t\t<\/section>\n\t\t\t\t\t\t<\/div>\n\t\t\t\t\t\t<\/div>\n\t\t\t\t\t<\/div>\n\t\t","protected":false},"excerpt":{"rendered":"<p>KA (kilo-amperes) no en Joules Las capacidades de energ\u00eda en Joules no son reconocidas por los est\u00e1ndares de supresores de picos. Un Joule es la unidad<span class=\"excerpt-hellip\"> [\u2026]<\/span><\/p>\n","protected":false},"author":2,"featured_media":0,"parent":0,"menu_order":0,"comment_status":"closed","ping_status":"closed","template":"","meta":{"footnotes":""},"class_list":["post-457","page","type-page","status-publish","hentry"],"_links":{"self":[{"href":"https:\/\/pqglobal.com\/esp\/wp-json\/wp\/v2\/pages\/457","targetHints":{"allow":["GET"]}}],"collection":[{"href":"https:\/\/pqglobal.com\/esp\/wp-json\/wp\/v2\/pages"}],"about":[{"href":"https:\/\/pqglobal.com\/esp\/wp-json\/wp\/v2\/types\/page"}],"author":[{"embeddable":true,"href":"https:\/\/pqglobal.com\/esp\/wp-json\/wp\/v2\/users\/2"}],"replies":[{"embeddable":true,"href":"https:\/\/pqglobal.com\/esp\/wp-json\/wp\/v2\/comments?post=457"}],"version-history":[{"count":9,"href":"https:\/\/pqglobal.com\/esp\/wp-json\/wp\/v2\/pages\/457\/revisions"}],"predecessor-version":[{"id":1483,"href":"https:\/\/pqglobal.com\/esp\/wp-json\/wp\/v2\/pages\/457\/revisions\/1483"}],"wp:attachment":[{"href":"https:\/\/pqglobal.com\/esp\/wp-json\/wp\/v2\/media?parent=457"}],"curies":[{"name":"wp","href":"https:\/\/api.w.org\/{rel}","templated":true}]}}